{"id":5527,"date":"2024-08-01T10:20:58","date_gmt":"2024-08-01T10:20:58","guid":{"rendered":"https:\/\/happyheartshelpers.com\/fertility-heaven-agencia-de-donacion-de-ovulos-y-gestacion-subrogada\/"},"modified":"2024-08-01T13:46:52","modified_gmt":"2024-08-01T13:46:52","slug":"fertility-heaven-agencia-de-donacion-de-ovulos-y-gestacion-subrogada","status":"publish","type":"page","link":"https:\/\/happyheartshelpers.com\/es\/fertility-heaven-agencia-de-donacion-de-ovulos-y-gestacion-subrogada\/","title":{"rendered":"Fertility Heaven Agencia de Donaci\u00f3n de \u00d3vulos y Gestaci\u00f3n Subrogada"},"content":{"rendered":"<style>.elementor-5527 .elementor-element.elementor-element-e42b029 > .elementor-container{min-height:60vh;}.elementor-5527 .elementor-element.elementor-element-e42b029{overflow:hidden;transition:background 0.3s, border 0.3s, border-radius 0.3s, box-shadow 0.3s;margin-top:0px;margin-bottom:0px;padding:0px 0px 50px 0px;}.elementor-5527 .elementor-element.elementor-element-e42b029:not(.elementor-motion-effects-element-type-background), .elementor-5527 .elementor-element.elementor-element-e42b029 > .elementor-motion-effects-container > .elementor-motion-effects-layer{background-image:url(\"https:\/\/happyheartshelpers.com\/wp-content\/uploads\/2024\/06\/a-mom-and-dad-parent-kissing-their-young-baby.jpg\");background-position:center center;background-repeat:no-repeat;background-size:cover;}.elementor-5527 .elementor-element.elementor-element-e42b029 > .elementor-background-overlay{background-color:transparent;background-image:linear-gradient(257deg, #82C8C7BD 2%, #00000099 100%);opacity:0.75;transition:background 0.3s, border-radius 0.3s, opacity 0.3s;}.elementor-5527 .elementor-element.elementor-element-e42b029 > .elementor-shape-bottom .elementor-shape-fill{fill:var( --e-global-color-1c991d7 );}.elementor-5527 .elementor-element.elementor-element-e42b029 > .elementor-shape-bottom svg{height:100px;transform:translateX(-50%) rotateY(180deg);}.elementor-bc-flex-widget .elementor-5527 .elementor-element.elementor-element-27d85c8.elementor-column .elementor-widget-wrap{align-items:center;}.elementor-5527 .elementor-element.elementor-element-27d85c8.elementor-column.elementor-element[data-element_type=\"column\"] > .elementor-widget-wrap.elementor-element-populated{align-content:center;align-items:center;}.elementor-5527 .elementor-element.elementor-element-27d85c8 > .elementor-element-populated{transition:background 0.3s, border 0.3s, border-radius 0.3s, box-shadow 0.3s;margin:0px 0px 0px 0px;--e-column-margin-right:0px;--e-column-margin-left:0px;padding:0px 0px 0px 0px;}.elementor-5527 .elementor-element.elementor-element-27d85c8 > .elementor-element-populated > .elementor-background-overlay{transition:background 0.3s, border-radius 0.3s, opacity 0.3s;}.elementor-5527 .elementor-element.elementor-element-cfcb301{text-align:center;}.elementor-5527 .elementor-element.elementor-element-cfcb301 .elementor-heading-title{font-family:var( --e-global-typography-primary-font-family ), Sans-serif;font-size:var( --e-global-typography-primary-font-size );font-weight:var( --e-global-typography-primary-font-weight );color:var( --e-global-color-1c991d7 );}.elementor-5527 .elementor-element.elementor-element-59ab016 .elementor-icon-list-items:not(.elementor-inline-items) .elementor-icon-list-item:not(:last-child){padding-block-end:calc(10px\/2);}.elementor-5527 .elementor-element.elementor-element-59ab016 .elementor-icon-list-items:not(.elementor-inline-items) .elementor-icon-list-item:not(:first-child){margin-block-start:calc(10px\/2);}.elementor-5527 .elementor-element.elementor-element-59ab016 .elementor-icon-list-items.elementor-inline-items .elementor-icon-list-item{margin-inline:calc(10px\/2);}.elementor-5527 .elementor-element.elementor-element-59ab016 .elementor-icon-list-items.elementor-inline-items{margin-inline:calc(-10px\/2);}.elementor-5527 .elementor-element.elementor-element-59ab016 .elementor-icon-list-items.elementor-inline-items .elementor-icon-list-item:after{inset-inline-end:calc(-10px\/2);}.elementor-5527 .elementor-element.elementor-element-59ab016 .elementor-icon-list-icon i{color:var( --e-global-color-1c991d7 );transition:color 0.3s;}.elementor-5527 .elementor-element.elementor-element-59ab016 .elementor-icon-list-icon svg{fill:var( --e-global-color-1c991d7 );transition:fill 0.3s;}.elementor-5527 .elementor-element.elementor-element-59ab016 .elementor-icon-list-item:hover .elementor-icon-list-icon i{color:var( --e-global-color-1c991d7 );}.elementor-5527 .elementor-element.elementor-element-59ab016 .elementor-icon-list-item:hover .elementor-icon-list-icon svg{fill:var( --e-global-color-1c991d7 );}.elementor-5527 .elementor-element.elementor-element-59ab016{--e-icon-list-icon-size:18px;--icon-vertical-offset:0px;}.elementor-5527 .elementor-element.elementor-element-59ab016 .elementor-icon-list-icon{padding-inline-end:5px;}.elementor-5527 .elementor-element.elementor-element-59ab016 .elementor-icon-list-item > .elementor-icon-list-text, .elementor-5527 .elementor-element.elementor-element-59ab016 .elementor-icon-list-item > a{font-family:var( --e-global-typography-text-font-family ), Sans-serif;font-size:var( --e-global-typography-text-font-size );font-weight:var( --e-global-typography-text-font-weight );}.elementor-5527 .elementor-element.elementor-element-59ab016 .elementor-icon-list-text{color:var( --e-global-color-1c991d7 );transition:color 0.3s;}.elementor-5527 .elementor-element.elementor-element-59ab016 .elementor-icon-list-item:hover .elementor-icon-list-text{color:var( --e-global-color-secondary );}.elementor-5527 .elementor-element.elementor-element-50f9563 > .elementor-container{max-width:1250px;}.elementor-5527 .elementor-element.elementor-element-50f9563 > .elementor-background-overlay{opacity:0.5;}.elementor-5527 .elementor-element.elementor-element-50f9563{margin-top:0px;margin-bottom:0px;padding:100px 0px 100px 0px;}.elementor-5527 .elementor-element.elementor-element-9ae5539 > .elementor-element-populated{margin:0px 0px 0px 0px;--e-column-margin-right:0px;--e-column-margin-left:0px;padding:0px 50px 0px 0px;}.elementor-5527 .elementor-element.elementor-element-fd0bb86{text-align:start;}.elementor-5527 .elementor-element.elementor-element-fd0bb86 .elementor-heading-title{font-family:var( --e-global-typography-secondary-font-family ), Sans-serif;font-size:var( --e-global-typography-secondary-font-size );font-weight:var( --e-global-typography-secondary-font-weight );line-height:var( --e-global-typography-secondary-line-height );color:var( --e-global-color-secondary );}.elementor-5527 .elementor-element.elementor-element-5d168a7{text-align:start;font-family:var( --e-global-typography-text-font-family ), Sans-serif;font-size:var( --e-global-typography-text-font-size );font-weight:var( --e-global-typography-text-font-weight );color:var( --e-global-color-text );}.elementor-5527 .elementor-element.elementor-element-5d168a7 > .elementor-widget-container{margin:0px 0px 0px 0px;padding:0px 0px 0px 0px;}.elementor-bc-flex-widget .elementor-5527 .elementor-element.elementor-element-5d9c9c2.elementor-column .elementor-widget-wrap{align-items:center;}.elementor-5527 .elementor-element.elementor-element-5d9c9c2.elementor-column.elementor-element[data-element_type=\"column\"] > .elementor-widget-wrap.elementor-element-populated{align-content:center;align-items:center;}.elementor-5527 .elementor-element.elementor-element-5d9c9c2.elementor-column > .elementor-widget-wrap{justify-content:flex-end;}.elementor-5527 .elementor-element.elementor-element-5d9c9c2 > .elementor-element-populated{padding:0px 0px 0px 0px;}.elementor-5527 .elementor-element.elementor-element-b254fdf{text-align:end;}.elementor-5527 .elementor-element.elementor-element-b254fdf img{width:1000px;}.elementor-5527 .elementor-element.elementor-element-b254fdf > .elementor-widget-container{margin:0px 0px 0px 0px;padding:30px 0px 30px 0px;background-image:url(\"https:\/\/happyheartshelpers.com\/wp-content\/uploads\/2024\/06\/bcare-bg-slideshow-1.png\");background-position:50px -10px;background-repeat:no-repeat;background-size:80% auto;}.elementor-5527 .elementor-element.elementor-element-b254fdf:not( .elementor-widget-image ) .elementor-widget-container, .elementor-5527 .elementor-element.elementor-element-b254fdf.elementor-widget-image .elementor-widget-container img{-webkit-mask-image:url( https:\/\/happyheartshelpers.com\/wp-content\/uploads\/2024\/06\/photo-mask-baby-care-about-us.png );-webkit-mask-size:contain;-webkit-mask-position:center center;-webkit-mask-repeat:no-repeat;}.elementor-5527 .elementor-element.elementor-element-14a8fbf{text-align:start;}.elementor-5527 .elementor-element.elementor-element-14a8fbf img{width:40%;}.elementor-5527 .elementor-element.elementor-element-14a8fbf > .elementor-widget-container{margin:-226px 0px 0px 0px;}@media(max-width:1024px){.elementor-5527 .elementor-element.elementor-element-e42b029 > .elementor-container{min-height:45vh;}.elementor-5527 .elementor-element.elementor-element-e42b029 > .elementor-shape-bottom svg{height:80px;}.elementor-5527 .elementor-element.elementor-element-e42b029{padding:0px 20px 50px 20px;}.elementor-5527 .elementor-element.elementor-element-27d85c8 > .elementor-element-populated{padding:0px 0px 0px 0px;}.elementor-5527 .elementor-element.elementor-element-cfcb301 .elementor-heading-title{font-size:var( --e-global-typography-primary-font-size );}.elementor-5527 .elementor-element.elementor-element-59ab016 .elementor-icon-list-item > .elementor-icon-list-text, .elementor-5527 .elementor-element.elementor-element-59ab016 .elementor-icon-list-item > a{font-size:var( --e-global-typography-text-font-size );}.elementor-5527 .elementor-element.elementor-element-50f9563{margin-top:0px;margin-bottom:0px;padding:50px 20px 50px 20px;}.elementor-5527 .elementor-element.elementor-element-9ae5539 > .elementor-element-populated{margin:0px 0px 0px 0px;--e-column-margin-right:0px;--e-column-margin-left:0px;padding:0px 0px 0px 0px;}.elementor-5527 .elementor-element.elementor-element-fd0bb86 .elementor-heading-title{font-size:var( --e-global-typography-secondary-font-size );line-height:var( --e-global-typography-secondary-line-height );}.elementor-5527 .elementor-element.elementor-element-5d168a7{font-size:var( --e-global-typography-text-font-size );}.elementor-5527 .elementor-element.elementor-element-5d9c9c2 > .elementor-element-populated{margin:0px 0px 40px 0px;--e-column-margin-right:0px;--e-column-margin-left:0px;padding:0px 0px 0px 0px;}.elementor-5527 .elementor-element.elementor-element-b254fdf > .elementor-widget-container{margin:0px 0px 0px 0px;padding:54px 0px 50px 0px;background-position:70px -20px;background-size:82px auto;}.elementor-5527 .elementor-element.elementor-element-14a8fbf img{width:34%;}.elementor-5527 .elementor-element.elementor-element-14a8fbf > .elementor-widget-container{margin:-150px 0px 0px 0px;}}@media(max-width:767px){.elementor-5527 .elementor-element.elementor-element-e42b029 > .elementor-container{min-height:40vh;}.elementor-5527 .elementor-element.elementor-element-e42b029 > .elementor-shape-bottom svg{height:60px;}.elementor-5527 .elementor-element.elementor-element-e42b029{padding:0px 20px 30px 20px;}.elementor-5527 .elementor-element.elementor-element-27d85c8 > .elementor-element-populated{margin:0px 0px 0px 0px;--e-column-margin-right:0px;--e-column-margin-left:0px;padding:100px 0px 100px 0px;}.elementor-5527 .elementor-element.elementor-element-cfcb301 .elementor-heading-title{font-size:var( --e-global-typography-primary-font-size );}.elementor-5527 .elementor-element.elementor-element-59ab016 .elementor-icon-list-item > .elementor-icon-list-text, .elementor-5527 .elementor-element.elementor-element-59ab016 .elementor-icon-list-item > a{font-size:var( --e-global-typography-text-font-size );}.elementor-5527 .elementor-element.elementor-element-9ae5539 > .elementor-element-populated{margin:0px 0px 0px 0px;--e-column-margin-right:0px;--e-column-margin-left:0px;padding:0px 0px 0px 0px;}.elementor-5527 .elementor-element.elementor-element-fd0bb86{text-align:start;}.elementor-5527 .elementor-element.elementor-element-fd0bb86 .elementor-heading-title{font-size:var( --e-global-typography-secondary-font-size );line-height:var( --e-global-typography-secondary-line-height );}.elementor-5527 .elementor-element.elementor-element-5d168a7{font-size:var( --e-global-typography-text-font-size );}.elementor-5527 .elementor-element.elementor-element-5d9c9c2 > .elementor-element-populated{margin:30px 0px 0px 0px;--e-column-margin-right:0px;--e-column-margin-left:0px;padding:0px 0px 0px 0px;}.elementor-5527 .elementor-element.elementor-element-b254fdf{text-align:start;}.elementor-5527 .elementor-element.elementor-element-b254fdf > .elementor-widget-container{margin:0px 0px 0px 0px;padding:15px 0px 015px 0px;background-position:22px -3px;background-size:210px auto;}.elementor-5527 .elementor-element.elementor-element-b254fdf:not( .elementor-widget-image ) .elementor-widget-container, .elementor-5527 .elementor-element.elementor-element-b254fdf.elementor-widget-image .elementor-widget-container img{-webkit-mask-size:contain;-webkit-mask-position:center center;-webkit-mask-repeat:no-repeat;}.elementor-5527 .elementor-element.elementor-element-14a8fbf > .elementor-widget-container{margin:-110px 0px 0px 0px;}}@media(min-width:768px){.elementor-5527 .elementor-element.elementor-element-9ae5539{width:50%;}.elementor-5527 .elementor-element.elementor-element-5d9c9c2{width:50%;}}@media(max-width:1024px) and (min-width:768px){.elementor-5527 .elementor-element.elementor-element-27d85c8{width:100%;}.elementor-5527 .elementor-element.elementor-element-9ae5539{width:50%;}.elementor-5527 .elementor-element.elementor-element-5d9c9c2{width:50%;}}@media(min-width:1025px){.elementor-5527 .elementor-element.elementor-element-b254fdf > .elementor-widget-container{background-attachment:scroll;}}<\/style>\t\t<div data-elementor-type=\"wp-page\" data-elementor-id=\"5527\" class=\"elementor elementor-5527 elementor-5445\" data-elementor-post-type=\"page\">\n\t\t\t\t\t\t<section class=\"elementor-section elementor-top-section elementor-element elementor-element-e42b029 elementor-section-height-min-height elementor-section-boxed elementor-section-height-default elementor-section-items-middle\" data-id=\"e42b029\" data-element_type=\"section\" data-e-type=\"section\" data-settings=\"{&quot;background_background&quot;:&quot;classic&quot;,&quot;shape_divider_bottom&quot;:&quot;waves&quot;,&quot;shape_divider_bottom_negative&quot;:&quot;yes&quot;}\">\n\t\t\t\t\t\t\t<div class=\"elementor-background-overlay\"><\/div>\n\t\t\t\t\t\t<div class=\"elementor-shape elementor-shape-bottom\" aria-hidden=\"true\" data-negative=\"true\">\n\t\t\t<svg xmlns=\"http:\/\/www.w3.org\/2000\/svg\" viewBox=\"0 0 1000 100\" preserveAspectRatio=\"none\">\n\t<path class=\"elementor-shape-fill\" d=\"M790.5,93.1c-59.3-5.3-116.8-18-192.6-50c-29.6-12.7-76.9-31-100.5-35.9c-23.6-4.9-52.6-7.8-75.5-5.3\n\tc-10.2,1.1-22.6,1.4-50.1,7.4c-27.2,6.3-58.2,16.6-79.4,24.7c-41.3,15.9-94.9,21.9-134,22.6C72,58.2,0,25.8,0,25.8V100h1000V65.3\n\tc0,0-51.5,19.4-106.2,25.7C839.5,97,814.1,95.2,790.5,93.1z\"\/>\n<\/svg>\t\t<\/div>\n\t\t\t\t\t<div class=\"elementor-container elementor-column-gap-default\">\n\t\t\t\t\t<div class=\"elementor-column elementor-col-100 elementor-top-column elementor-element elementor-element-27d85c8\" data-id=\"27d85c8\" data-element_type=\"column\" data-e-type=\"column\" data-settings=\"{&quot;background_background&quot;:&quot;classic&quot;}\">\n\t\t\t<div class=\"elementor-widget-wrap elementor-element-populated\">\n\t\t\t\t\t\t<div class=\"elementor-element elementor-element-cfcb301 elementor-invisible elementor-widget elementor-widget-heading\" data-id=\"cfcb301\" data-element_type=\"widget\" data-e-type=\"widget\" data-settings=\"{&quot;_animation&quot;:&quot;fadeIn&quot;}\" data-widget_type=\"heading.default\">\n\t\t\t\t<div class=\"elementor-widget-container\">\n\t\t\t\t\t<h1 class=\"elementor-heading-title elementor-size-default\">Fertility Heaven Agencia de Donaci\u00f3n de \u00d3vulos<br> y Gestaci\u00f3n Subrogada<\/h1>\t\t\t\t<\/div>\n\t\t\t\t<\/div>\n\t\t\t\t<div class=\"elementor-element elementor-element-59ab016 elementor-icon-list--layout-inline elementor-align-center elementor-list-item-link-full_width elementor-invisible elementor-widget elementor-widget-icon-list\" data-id=\"59ab016\" data-element_type=\"widget\" data-e-type=\"widget\" data-settings=\"{&quot;_animation&quot;:&quot;fadeIn&quot;}\" data-widget_type=\"icon-list.default\">\n\t\t\t\t<div class=\"elementor-widget-container\">\n\t\t\t\t\t\t\t<ul class=\"elementor-icon-list-items elementor-inline-items\">\n\t\t\t\t\t\t\t<li class=\"elementor-icon-list-item elementor-inline-item\">\n\t\t\t\t\t\t\t\t\t\t\t<a href=\"https:\/\/happyheartshelpers.com\/es\/\">\n\n\t\t\t\t\t\t\t\t\t\t\t<span class=\"elementor-icon-list-text\">Inicio<\/span>\n\t\t\t\t\t\t\t\t\t\t\t<\/a>\n\t\t\t\t\t\t\t\t\t<\/li>\n\t\t\t\t\t\t\t\t<li class=\"elementor-icon-list-item elementor-inline-item\">\n\t\t\t\t\t\t\t\t\t\t\t<a href=\"#\">\n\n\t\t\t\t\t\t\t\t\t\t\t\t<span class=\"elementor-icon-list-icon\">\n\t\t\t\t\t\t\t<svg aria-hidden=\"true\" class=\"e-font-icon-svg e-fas-angle-right\" viewBox=\"0 0 256 512\" xmlns=\"http:\/\/www.w3.org\/2000\/svg\"><path d=\"M224.3 273l-136 136c-9.4 9.4-24.6 9.4-33.9 0l-22.6-22.6c-9.4-9.4-9.4-24.6 0-33.9l96.4-96.4-96.4-96.4c-9.4-9.4-9.4-24.6 0-33.9L54.3 103c9.4-9.4 24.6-9.4 33.9 0l136 136c9.5 9.4 9.5 24.6.1 34z\"><\/path><\/svg>\t\t\t\t\t\t<\/span>\n\t\t\t\t\t\t\t\t\t\t<span class=\"elementor-icon-list-text\">Fertility Heaven Agencia de Donaci\u00f3n de \u00d3vulos y Gestaci\u00f3n Subrogada<\/span>\n\t\t\t\t\t\t\t\t\t\t\t<\/a>\n\t\t\t\t\t\t\t\t\t<\/li>\n\t\t\t\t\t\t<\/ul>\n\t\t\t\t\t\t<\/div>\n\t\t\t\t<\/div>\n\t\t\t\t\t<\/div>\n\t\t<\/div>\n\t\t\t\t\t<\/div>\n\t\t<\/section>\n\t\t\t\t<section class=\"elementor-section elementor-top-section elementor-element elementor-element-50f9563 elementor-section-boxed elementor-section-height-default elementor-section-height-default\" data-id=\"50f9563\" data-element_type=\"section\" data-e-type=\"section\">\n\t\t\t\t\t\t\t<div class=\"elementor-background-overlay\"><\/div>\n\t\t\t\t\t\t\t<div class=\"elementor-container elementor-column-gap-default\">\n\t\t\t\t\t<div class=\"elementor-column elementor-col-50 elementor-top-column elementor-element elementor-element-9ae5539\" data-id=\"9ae5539\" data-element_type=\"column\" data-e-type=\"column\">\n\t\t\t<div class=\"elementor-widget-wrap elementor-element-populated\">\n\t\t\t\t\t\t<div class=\"elementor-element elementor-element-fd0bb86 elementor-invisible elementor-widget elementor-widget-heading\" data-id=\"fd0bb86\" data-element_type=\"widget\" data-e-type=\"widget\" data-settings=\"{&quot;_animation&quot;:&quot;fadeIn&quot;}\" data-widget_type=\"heading.default\">\n\t\t\t\t<div class=\"elementor-widget-container\">\n\t\t\t\t\t<h1 class=\"elementor-heading-title elementor-size-default\">  Fertility Heaven Agencia de Donaci\u00f3n de \u00d3vulos y Gestaci\u00f3n Subrogada  <\/h1>\t\t\t\t<\/div>\n\t\t\t\t<\/div>\n\t\t\t\t<div class=\"elementor-element elementor-element-5d168a7 elementor-invisible elementor-widget elementor-widget-text-editor\" data-id=\"5d168a7\" data-element_type=\"widget\" data-e-type=\"widget\" data-settings=\"{&quot;_animation&quot;:&quot;fadeIn&quot;}\" data-widget_type=\"text-editor.default\">\n\t\t\t\t<div class=\"elementor-widget-container\">\n\t\t\t\t\t\t\t\t\t\u00bfBuscas ampliar tu familia con la ayuda de una donante de \u00f3vulos o una madre de alquiler? Fertility Heaven te lo pone todo f\u00e1cil. Una vez inscrito, tu consulta gratuita est\u00e1 dise\u00f1ada para ayudarte a comprender qu\u00e9 esperar durante el proceso, los plazos, el recorrido y los costes. Nuestras consultas se ofrecen en ingl\u00e9s y en espa\u00f1ol. Obtendr\u00e1s m\u00e1s informaci\u00f3n sobre nuestro programa de gestaci\u00f3n subrogada y las madres de alquiler, para que sepas qu\u00e9 esperar. Las consultas se realizan por tel\u00e9fono, videochat o en nuestra oficina. Para saber m\u00e1s vis\u00edtanos en <a href=\"https:\/\/fertilityheaven.com\/become-a-parent\/#\" target=\"_blank\" rel=\"noopener\">https:\/\/fertilityheaven.com\/become-a-parent<\/a> o ll\u00e1manos para una consulta gratuita al 305-772-3302.\t\t\t\t\t\t\t\t<\/div>\n\t\t\t\t<\/div>\n\t\t\t\t\t<\/div>\n\t\t<\/div>\n\t\t\t\t<div class=\"elementor-column elementor-col-50 elementor-top-column elementor-element elementor-element-5d9c9c2 elementor-invisible\" data-id=\"5d9c9c2\" data-element_type=\"column\" data-e-type=\"column\" data-settings=\"{&quot;animation&quot;:&quot;fadeInRight&quot;}\">\n\t\t\t<div class=\"elementor-widget-wrap elementor-element-populated\">\n\t\t\t\t\t\t<div class=\"elementor-element elementor-element-b254fdf elementor-widget elementor-widget-image\" data-id=\"b254fdf\" data-element_type=\"widget\" data-e-type=\"widget\" data-widget_type=\"image.default\">\n\t\t\t\t<div class=\"elementor-widget-container\">\n\t\t\t\t\t\t\t\t\t\t\t\t\t\t\t<img fetchpriority=\"high\" decoding=\"async\" width=\"1500\" height=\"1000\" src=\"https:\/\/happyheartshelpers.com\/wp-content\/uploads\/2024\/06\/2143-1.jpg\" class=\"attachment-full size-full wp-image-5364\" alt=\"\" srcset=\"https:\/\/happyheartshelpers.com\/wp-content\/uploads\/2024\/06\/2143-1.jpg 1500w, https:\/\/happyheartshelpers.com\/wp-content\/uploads\/2024\/06\/2143-1-300x200.jpg 300w, https:\/\/happyheartshelpers.com\/wp-content\/uploads\/2024\/06\/2143-1-1024x683.jpg 1024w, https:\/\/happyheartshelpers.com\/wp-content\/uploads\/2024\/06\/2143-1-768x512.jpg 768w\" sizes=\"(max-width: 1500px) 100vw, 1500px\" \/>\t\t\t\t\t\t\t\t\t\t\t\t\t\t\t<\/div>\n\t\t\t\t<\/div>\n\t\t\t\t<div class=\"elementor-element elementor-element-14a8fbf elementor-widget elementor-widget-image\" data-id=\"14a8fbf\" data-element_type=\"widget\" data-e-type=\"widget\" data-widget_type=\"image.default\">\n\t\t\t\t<div class=\"elementor-widget-container\">\n\t\t\t\t\t\t\t\t\t\t\t\t\t\t\t<img decoding=\"async\" width=\"512\" height=\"512\" src=\"https:\/\/happyheartshelpers.com\/wp-content\/uploads\/2024\/06\/Bcare-baby-illustration-S6JFNQ-1.png\" class=\"elementor-animation-hang attachment-full size-full wp-image-5243\" alt=\"\" srcset=\"https:\/\/happyheartshelpers.com\/wp-content\/uploads\/2024\/06\/Bcare-baby-illustration-S6JFNQ-1.png 512w, https:\/\/happyheartshelpers.com\/wp-content\/uploads\/2024\/06\/Bcare-baby-illustration-S6JFNQ-1-300x300.png 300w, https:\/\/happyheartshelpers.com\/wp-content\/uploads\/2024\/06\/Bcare-baby-illustration-S6JFNQ-1-150x150.png 150w\" sizes=\"(max-width: 512px) 100vw, 512px\" \/>\t\t\t\t\t\t\t\t\t\t\t\t\t\t\t<\/div>\n\t\t\t\t<\/div>\n\t\t\t\t\t<\/div>\n\t\t<\/div>\n\t\t\t\t\t<\/div>\n\t\t<\/section>\n\t\t\t\t<\/div>\n\t\t","protected":false},"excerpt":{"rendered":"<p>Fertility Heaven Agencia de Donaci\u00f3n de \u00d3vulos y Gestaci\u00f3n Subrogada Inicio Fertility Heaven Agencia de Donaci\u00f3n de \u00d3vulos y Gestaci\u00f3n [&hellip;]<\/p>\n","protected":false},"author":1,"featured_media":0,"parent":0,"menu_order":0,"comment_status":"closed","ping_status":"closed","template":"","meta":{"site-sidebar-layout":"no-sidebar","site-content-layout":"","ast-site-content-layout":"full-width-container","site-content-style":"default","site-sidebar-style":"default","ast-global-header-display":"","ast-banner-title-visibility":"","ast-main-header-display":"","ast-hfb-above-header-display":"","ast-hfb-below-header-display":"","ast-hfb-mobile-header-display":"","site-post-title":"disabled","ast-breadcrumbs-content":"","ast-featured-img":"disabled","footer-sml-layout":"","ast-disable-related-posts":"","theme-transparent-header-meta":"","adv-header-id-meta":"","stick-header-meta":"","header-above-stick-meta":"","header-main-stick-meta":"","header-below-stick-meta":"","astra-migrate-meta-layouts":"default","ast-page-background-enabled":"default","ast-page-background-meta":{"desktop":{"background-color":"var(--ast-global-color-4)","background-image":"","background-repeat":"repeat","background-position":"center center","background-size":"auto","background-attachment":"scroll","background-type":"","background-media":"","overlay-type":"","overlay-color":"","overlay-opacity":"","overlay-gradient":""},"tablet":{"background-color":"","background-image":"","background-repeat":"repeat","background-position":"center center","background-size":"auto","background-attachment":"scroll","background-type":"","background-media":"","overlay-type":"","overlay-color":"","overlay-opacity":"","overlay-gradient":""},"mobile":{"background-color":"","background-image":"","background-repeat":"repeat","background-position":"center center","background-size":"auto","background-attachment":"scroll","background-type":"","background-media":"","overlay-type":"","overlay-color":"","overlay-opacity":"","overlay-gradient":""}},"ast-content-background-meta":{"desktop":{"background-color":"var(--ast-global-color-5)","background-image":"","background-repeat":"repeat","background-position":"center center","background-size":"auto","background-attachment":"scroll","background-type":"","background-media":"","overlay-type":"","overlay-color":"","overlay-opacity":"","overlay-gradient":""},"tablet":{"background-color":"var(--ast-global-color-5)","background-image":"","background-repeat":"repeat","background-position":"center center","background-size":"auto","background-attachment":"scroll","background-type":"","background-media":"","overlay-type":"","overlay-color":"","overlay-opacity":"","overlay-gradient":""},"mobile":{"background-color":"var(--ast-global-color-5)","background-image":"","background-repeat":"repeat","background-position":"center center","background-size":"auto","background-attachment":"scroll","background-type":"","background-media":"","overlay-type":"","overlay-color":"","overlay-opacity":"","overlay-gradient":""}},"_jf_save_progress":"","footnotes":""},"class_list":["post-5527","page","type-page","status-publish","hentry"],"_links":{"self":[{"href":"https:\/\/happyheartshelpers.com\/es\/wp-json\/wp\/v2\/pages\/5527","targetHints":{"allow":["GET"]}}],"collection":[{"href":"https:\/\/happyheartshelpers.com\/es\/wp-json\/wp\/v2\/pages"}],"about":[{"href":"https:\/\/happyheartshelpers.com\/es\/wp-json\/wp\/v2\/types\/page"}],"author":[{"embeddable":true,"href":"https:\/\/happyheartshelpers.com\/es\/wp-json\/wp\/v2\/users\/1"}],"replies":[{"embeddable":true,"href":"https:\/\/happyheartshelpers.com\/es\/wp-json\/wp\/v2\/comments?post=5527"}],"version-history":[{"count":2,"href":"https:\/\/happyheartshelpers.com\/es\/wp-json\/wp\/v2\/pages\/5527\/revisions"}],"predecessor-version":[{"id":5530,"href":"https:\/\/happyheartshelpers.com\/es\/wp-json\/wp\/v2\/pages\/5527\/revisions\/5530"}],"wp:attachment":[{"href":"https:\/\/happyheartshelpers.com\/es\/wp-json\/wp\/v2\/media?parent=5527"}],"curies":[{"name":"wp","href":"https:\/\/api.w.org\/{rel}","templated":true}]}}